{"id":3086,"date":"2024-04-04T13:58:59","date_gmt":"2024-04-04T13:58:59","guid":{"rendered":"https:\/\/goup-academy.com\/?post_type=product&#038;p=3086"},"modified":"2025-05-30T16:48:58","modified_gmt":"2025-05-30T16:48:58","slug":"curso-one-on-one-plan-trimestral","status":"publish","type":"product","link":"https:\/\/goup-academy.com\/index.php\/producto\/curso-one-on-one-plan-trimestral\/","title":{"rendered":"2. Curso One on One Plan Trimestral 20% OFF"},"content":{"rendered":"<p>Emprende un viaje educativo trimestral que te conecta personalmente con el ingl\u00e9s. Gracias a nuestra plataforma en l\u00ednea, el aprendizaje se adapta a tu estilo de vida. Disfruta de un modelo as\u00edncrono que te brinda la libertad de estudiar las 24 horas del d\u00eda, desde cualquier lugar. Sin clases en vivo, t\u00fa decides cu\u00e1ndo y d\u00f3nde aprender.<\/p>\n","protected":false},"excerpt":{"rendered":"<p>Emprende un viaje educativo trimestral que te conecta personalmente con el ingl\u00e9s. Gracias a nuestra plataforma en l\u00ednea, el aprendizaje se adapta a tu estilo de vida. Disfruta de un modelo as\u00edncrono que te brinda la libertad de estudiar las 24 horas del d\u00eda, desde cualquier lugar. Sin clases en vivo, t\u00fa decides cu\u00e1ndo y d\u00f3nde aprender.<\/p>\n","protected":false},"featured_media":2992,"comment_status":"open","ping_status":"closed","template":"","meta":{"content-type":"","om_disable_all_campaigns":false},"product_cat":[57],"product_tag":[],"aioseo_notices":[],"_links":{"self":[{"href":"https:\/\/goup-academy.com\/index.php\/wp-json\/wp\/v2\/product\/3086"}],"collection":[{"href":"https:\/\/goup-academy.com\/index.php\/wp-json\/wp\/v2\/product"}],"about":[{"href":"https:\/\/goup-academy.com\/index.php\/wp-json\/wp\/v2\/types\/product"}],"replies":[{"embeddable":true,"href":"https:\/\/goup-academy.com\/index.php\/wp-json\/wp\/v2\/comments?post=3086"}],"wp:featuredmedia":[{"embeddable":true,"href":"https:\/\/goup-academy.com\/index.php\/wp-json\/wp\/v2\/media\/2992"}],"wp:attachment":[{"href":"https:\/\/goup-academy.com\/index.php\/wp-json\/wp\/v2\/media?parent=3086"}],"wp:term":[{"taxonomy":"product_cat","embeddable":true,"href":"https:\/\/goup-academy.com\/index.php\/wp-json\/wp\/v2\/product_cat?post=3086"},{"taxonomy":"product_tag","embeddable":true,"href":"https:\/\/goup-academy.com\/index.php\/wp-json\/wp\/v2\/product_tag?post=3086"}],"curies":[{"name":"wp","href":"https:\/\/api.w.org\/{rel}","templated":true}]}}